{"id":703,"date":"2020-05-23T16:45:57","date_gmt":"2020-05-23T16:45:57","guid":{"rendered":"http:\/\/lsfarquitectura.com\/?page_id=703"},"modified":"2020-06-26T18:58:12","modified_gmt":"2020-06-26T18:58:12","slug":"diseno-interior-e-imagen","status":"publish","type":"page","link":"http:\/\/lsfarquitectura.com\/index.php\/diseno-interior-e-imagen\/","title":{"rendered":"dise\u00f1o interior e imagen"},"content":{"rendered":"\t\t<div data-elementor-type=\"wp-page\" data-elementor-id=\"703\" class=\"elementor elementor-703\" data-elementor-settings=\"[]\">\n\t\t\t\t\t\t<div class=\"elementor-inner\">\n\t\t\t\t\t\t\t<div class=\"elementor-section-wrap\">\n\t\t\t\t\t\t\t<section class=\"elementor-section elementor-top-section elementor-element elementor-element-72a0c7c1 elementor-section-content-middle elementor-section-boxed elementor-section-height-default elementor-section-height-default\" data-id=\"72a0c7c1\" data-element_type=\"section\">\n\t\t\t\t\t\t<div class=\"elementor-container elementor-column-gap-default\">\n\t\t\t\t\t\t\t<div class=\"elementor-row\">\n\t\t\t\t\t<div class=\"elementor-column elementor-col-33 elementor-top-column elementor-element elementor-element-042205d\" data-id=\"042205d\" data-element_type=\"column\">\n\t\t\t<div class=\"elementor-column-wrap elementor-element-populated\">\n\t\t\t\t\t\t\t<div class=\"elementor-widget-wrap\">\n\t\t\t\t\t\t<div class=\"elementor-element elementor-element-144ab71 elementor-widget elementor-widget-spacer\" data-id=\"144ab71\" data-element_type=\"widget\" data-widget_type=\"spacer.default\">\n\t\t\t\t<div class=\"elementor-widget-container\">\n\t\t\t\t\t<div class=\"elementor-spacer\">\n\t\t\t<div class=\"elementor-spacer-inner\"><\/div>\n\t\t<\/div>\n\t\t\t\t<\/div>\n\t\t\t\t<\/div>\n\t\t\t\t<div class=\"elementor-element elementor-element-2f1b8c8 elementor-widget elementor-widget-e_image_hover_effects\" data-id=\"2f1b8c8\" data-element_type=\"widget\" data-widget_type=\"e_image_hover_effects.default\">\n\t\t\t\t<div class=\"elementor-widget-container\">\n\t\t\t\t\t\t<a href=\"http:\/\/lsfarquitectura.com\/index.php\/oficinas-sespa\/\">\n\t\t\t\t\t<div class=\"eihe-box eihe-fade-in-up eihe_center\">\n\t\t\t\t<img width=\"1531\" height=\"1531\" src=\"http:\/\/lsfarquitectura.com\/wp-content\/uploads\/2020\/05\/Sespa.jpg\" class=\"attachment-full size-full\" alt=\"\" loading=\"lazy\" srcset=\"http:\/\/lsfarquitectura.com\/wp-content\/uploads\/2020\/05\/Sespa.jpg 1531w, http:\/\/lsfarquitectura.com\/wp-content\/uploads\/2020\/05\/Sespa-300x300.jpg 300w, http:\/\/lsfarquitectura.com\/wp-content\/uploads\/2020\/05\/Sespa-1024x1024.jpg 1024w, http:\/\/lsfarquitectura.com\/wp-content\/uploads\/2020\/05\/Sespa-150x150.jpg 150w, http:\/\/lsfarquitectura.com\/wp-content\/uploads\/2020\/05\/Sespa-768x768.jpg 768w\" sizes=\"(max-width: 1531px) 100vw, 1531px\" \/>\t\t\t\t<div class=\"eihe-caption\">\n\t\t\t\t\t<div class=\"eihe-title-cover\">\n\t\t\t\t\t\t\t\t\t\t\t\t<h3 class=\"eihe-title\">Oficinas Sespa<\/h3>\n\t\t\t\t\t\t\t\t\t\t\t<\/div>\n\t\t\t\t\t<p>Edificio Insalud Oviedo<\/p>\n\t\t\t\t<\/div>\n\t\t\t<\/div>\n\t\t\t\t\t<\/a>\n\t\t\t\t<\/div>\n\t\t\t\t<\/div>\n\t\t\t\t<div class=\"elementor-element elementor-element-445102f elementor-widget elementor-widget-e_image_hover_effects\" data-id=\"445102f\" data-element_type=\"widget\" data-widget_type=\"e_image_hover_effects.default\">\n\t\t\t\t<div class=\"elementor-widget-container\">\n\t\t\t\t\t\t<a href=\"http:\/\/lsfarquitectura.com\/index.php\/abb\/\">\n\t\t\t\t\t<div class=\"eihe-box eihe-fade-in-up eihe_center\">\n\t\t\t\t<img width=\"1531\" height=\"1531\" src=\"http:\/\/lsfarquitectura.com\/wp-content\/uploads\/2020\/05\/abb2.jpg\" class=\"attachment-full size-full\" alt=\"\" loading=\"lazy\" srcset=\"http:\/\/lsfarquitectura.com\/wp-content\/uploads\/2020\/05\/abb2.jpg 1531w, http:\/\/lsfarquitectura.com\/wp-content\/uploads\/2020\/05\/abb2-300x300.jpg 300w, http:\/\/lsfarquitectura.com\/wp-content\/uploads\/2020\/05\/abb2-1024x1024.jpg 1024w, http:\/\/lsfarquitectura.com\/wp-content\/uploads\/2020\/05\/abb2-150x150.jpg 150w, http:\/\/lsfarquitectura.com\/wp-content\/uploads\/2020\/05\/abb2-768x768.jpg 768w\" sizes=\"(max-width: 1531px) 100vw, 1531px\" \/>\t\t\t\t<div class=\"eihe-caption\">\n\t\t\t\t\t<div class=\"eihe-title-cover\">\n\t\t\t\t\t\t\t\t\t\t\t\t<h3 class=\"eihe-title\">ABB Madrid<\/h3>\n\t\t\t\t\t\t\t\t\t\t\t<\/div>\n\t\t\t\t\t<p>Sede central<\/p>\n\t\t\t\t<\/div>\n\t\t\t<\/div>\n\t\t\t\t\t<\/a>\n\t\t\t\t<\/div>\n\t\t\t\t<\/div>\n\t\t\t\t<div class=\"elementor-element elementor-element-cdcfcc5 elementor-widget elementor-widget-e_image_hover_effects\" data-id=\"cdcfcc5\" data-element_type=\"widget\" data-widget_type=\"e_image_hover_effects.default\">\n\t\t\t\t<div class=\"elementor-widget-container\">\n\t\t\t\t\t\t<a href=\"http:\/\/lsfarquitectura.com\/index.php\/rosenbauer-2\/\">\n\t\t\t\t\t<div class=\"eihe-box eihe-fade-in-up eihe_center\">\n\t\t\t\t<img width=\"1531\" height=\"1531\" src=\"http:\/\/lsfarquitectura.com\/wp-content\/uploads\/2020\/06\/Rosembauer.jpg\" class=\"attachment-full size-full\" alt=\"\" loading=\"lazy\" srcset=\"http:\/\/lsfarquitectura.com\/wp-content\/uploads\/2020\/06\/Rosembauer.jpg 1531w, http:\/\/lsfarquitectura.com\/wp-content\/uploads\/2020\/06\/Rosembauer-300x300.jpg 300w, http:\/\/lsfarquitectura.com\/wp-content\/uploads\/2020\/06\/Rosembauer-1024x1024.jpg 1024w, http:\/\/lsfarquitectura.com\/wp-content\/uploads\/2020\/06\/Rosembauer-150x150.jpg 150w, http:\/\/lsfarquitectura.com\/wp-content\/uploads\/2020\/06\/Rosembauer-768x768.jpg 768w\" sizes=\"(max-width: 1531px) 100vw, 1531px\" \/>\t\t\t\t<div class=\"eihe-caption\">\n\t\t\t\t\t<div class=\"eihe-title-cover\">\n\t\t\t\t\t\t\t\t\t\t\t\t<h3 class=\"eihe-title\">Rosenbauer Metz<\/h3>\n\t\t\t\t\t\t\t\t\t\t\t<\/div>\n\t\t\t\t\t<p>Oficinas Madrid<\/p>\n\t\t\t\t<\/div>\n\t\t\t<\/div>\n\t\t\t\t\t<\/a>\n\t\t\t\t<\/div>\n\t\t\t\t<\/div>\n\t\t\t\t<div class=\"elementor-element elementor-element-ee45a2b elementor-widget elementor-widget-e_image_hover_effects\" data-id=\"ee45a2b\" data-element_type=\"widget\" data-widget_type=\"e_image_hover_effects.default\">\n\t\t\t\t<div class=\"elementor-widget-container\">\n\t\t\t\t\t\t<a href=\"http:\/\/lsfarquitectura.com\/index.php\/cnmv-serrano\/\">\n\t\t\t\t\t<div class=\"eihe-box eihe-fade-in-up eihe_center\">\n\t\t\t\t<img width=\"1531\" height=\"1531\" src=\"http:\/\/lsfarquitectura.com\/wp-content\/uploads\/2020\/06\/CNMV-Serrano-1.jpg\" class=\"attachment-full size-full\" alt=\"\" loading=\"lazy\" srcset=\"http:\/\/lsfarquitectura.com\/wp-content\/uploads\/2020\/06\/CNMV-Serrano-1.jpg 1531w, http:\/\/lsfarquitectura.com\/wp-content\/uploads\/2020\/06\/CNMV-Serrano-1-300x300.jpg 300w, http:\/\/lsfarquitectura.com\/wp-content\/uploads\/2020\/06\/CNMV-Serrano-1-1024x1024.jpg 1024w, http:\/\/lsfarquitectura.com\/wp-content\/uploads\/2020\/06\/CNMV-Serrano-1-150x150.jpg 150w, http:\/\/lsfarquitectura.com\/wp-content\/uploads\/2020\/06\/CNMV-Serrano-1-768x768.jpg 768w\" sizes=\"(max-width: 1531px) 100vw, 1531px\" \/>\t\t\t\t<div class=\"eihe-caption\">\n\t\t\t\t\t<div class=\"eihe-title-cover\">\n\t\t\t\t\t\t\t\t\t\t\t\t<h3 class=\"eihe-title\">CNMV Madrid<\/h3>\n\t\t\t\t\t\t\t\t\t\t\t<\/div>\n\t\t\t\t\t<p>Serrano<\/p>\n\t\t\t\t<\/div>\n\t\t\t<\/div>\n\t\t\t\t\t<\/a>\n\t\t\t\t<\/div>\n\t\t\t\t<\/div>\n\t\t\t\t\t\t<\/div>\n\t\t\t\t\t<\/div>\n\t\t<\/div>\n\t\t\t\t<div class=\"elementor-column elementor-col-33 elementor-top-column elementor-element elementor-element-6017b68\" data-id=\"6017b68\" data-element_type=\"column\">\n\t\t\t<div class=\"elementor-column-wrap elementor-element-populated\">\n\t\t\t\t\t\t\t<div class=\"elementor-widget-wrap\">\n\t\t\t\t\t\t<div class=\"elementor-element elementor-element-1fdfd88 elementor-widget elementor-widget-spacer\" data-id=\"1fdfd88\" data-element_type=\"widget\" data-widget_type=\"spacer.default\">\n\t\t\t\t<div class=\"elementor-widget-container\">\n\t\t\t\t\t<div class=\"elementor-spacer\">\n\t\t\t<div class=\"elementor-spacer-inner\"><\/div>\n\t\t<\/div>\n\t\t\t\t<\/div>\n\t\t\t\t<\/div>\n\t\t\t\t<div class=\"elementor-element elementor-element-0572224 elementor-widget elementor-widget-e_image_hover_effects\" data-id=\"0572224\" data-element_type=\"widget\" data-widget_type=\"e_image_hover_effects.default\">\n\t\t\t\t<div class=\"elementor-widget-container\">\n\t\t\t\t\t\t<a href=\"http:\/\/lsfarquitectura.com\/index.php\/libreria-uniovi-diseno\/\">\n\t\t\t\t\t<div class=\"eihe-box eihe-fade-in-up eihe_center\">\n\t\t\t\t<img width=\"1531\" height=\"1531\" src=\"http:\/\/lsfarquitectura.com\/wp-content\/uploads\/2020\/05\/Librer\u00eda-uniovi-2.jpg\" class=\"attachment-full size-full\" alt=\"\" loading=\"lazy\" srcset=\"http:\/\/lsfarquitectura.com\/wp-content\/uploads\/2020\/05\/Librer\u00eda-uniovi-2.jpg 1531w, http:\/\/lsfarquitectura.com\/wp-content\/uploads\/2020\/05\/Librer\u00eda-uniovi-2-300x300.jpg 300w, http:\/\/lsfarquitectura.com\/wp-content\/uploads\/2020\/05\/Librer\u00eda-uniovi-2-1024x1024.jpg 1024w, http:\/\/lsfarquitectura.com\/wp-content\/uploads\/2020\/05\/Librer\u00eda-uniovi-2-150x150.jpg 150w, http:\/\/lsfarquitectura.com\/wp-content\/uploads\/2020\/05\/Librer\u00eda-uniovi-2-768x768.jpg 768w\" sizes=\"(max-width: 1531px) 100vw, 1531px\" \/>\t\t\t\t<div class=\"eihe-caption\">\n\t\t\t\t\t<div class=\"eihe-title-cover\">\n\t\t\t\t\t\t\t\t\t\t\t\t<h3 class=\"eihe-title\">Librer\u00eda Universitaria<\/h3>\n\t\t\t\t\t\t\t\t\t\t\t<\/div>\n\t\t\t\t\t<p>Oviedo<\/p>\n\t\t\t\t<\/div>\n\t\t\t<\/div>\n\t\t\t\t\t<\/a>\n\t\t\t\t<\/div>\n\t\t\t\t<\/div>\n\t\t\t\t<div class=\"elementor-element elementor-element-b51ec56 elementor-widget elementor-widget-e_image_hover_effects\" data-id=\"b51ec56\" data-element_type=\"widget\" data-widget_type=\"e_image_hover_effects.default\">\n\t\t\t\t<div class=\"elementor-widget-container\">\n\t\t\t\t\t\t<a href=\"http:\/\/lsfarquitectura.com\/index.php\/catenon-madrid\/\">\n\t\t\t\t\t<div class=\"eihe-box eihe-fade-in-up eihe_center\">\n\t\t\t\t<img width=\"1531\" height=\"1531\" src=\"http:\/\/lsfarquitectura.com\/wp-content\/uploads\/2020\/05\/catenon.jpg\" class=\"attachment-full size-full\" alt=\"\" loading=\"lazy\" srcset=\"http:\/\/lsfarquitectura.com\/wp-content\/uploads\/2020\/05\/catenon.jpg 1531w, http:\/\/lsfarquitectura.com\/wp-content\/uploads\/2020\/05\/catenon-300x300.jpg 300w, http:\/\/lsfarquitectura.com\/wp-content\/uploads\/2020\/05\/catenon-1024x1024.jpg 1024w, http:\/\/lsfarquitectura.com\/wp-content\/uploads\/2020\/05\/catenon-150x150.jpg 150w, http:\/\/lsfarquitectura.com\/wp-content\/uploads\/2020\/05\/catenon-768x768.jpg 768w\" sizes=\"(max-width: 1531px) 100vw, 1531px\" \/>\t\t\t\t<div class=\"eihe-caption\">\n\t\t\t\t\t<div class=\"eihe-title-cover\">\n\t\t\t\t\t\t\t\t\t\t\t\t<h3 class=\"eihe-title\">C\u00e1tenon Madrid<\/h3>\n\t\t\t\t\t\t\t\t\t\t\t<\/div>\n\t\t\t\t\t<p>Sede central<\/p>\n\t\t\t\t<\/div>\n\t\t\t<\/div>\n\t\t\t\t\t<\/a>\n\t\t\t\t<\/div>\n\t\t\t\t<\/div>\n\t\t\t\t<div class=\"elementor-element elementor-element-13e0a1a elementor-widget elementor-widget-e_image_hover_effects\" data-id=\"13e0a1a\" data-element_type=\"widget\" data-widget_type=\"e_image_hover_effects.default\">\n\t\t\t\t<div class=\"elementor-widget-container\">\n\t\t\t\t\t\t<a href=\"http:\/\/lsfarquitectura.com\/index.php\/fundacion-jimenez-diaz\/\">\n\t\t\t\t\t<div class=\"eihe-box eihe-fade-in-up eihe_center\">\n\t\t\t\t<img width=\"1531\" height=\"1531\" src=\"http:\/\/lsfarquitectura.com\/wp-content\/uploads\/2020\/06\/Fundacion-Jimenez-Diaz.jpg\" class=\"attachment-full size-full\" alt=\"\" loading=\"lazy\" srcset=\"http:\/\/lsfarquitectura.com\/wp-content\/uploads\/2020\/06\/Fundacion-Jimenez-Diaz.jpg 1531w, http:\/\/lsfarquitectura.com\/wp-content\/uploads\/2020\/06\/Fundacion-Jimenez-Diaz-300x300.jpg 300w, http:\/\/lsfarquitectura.com\/wp-content\/uploads\/2020\/06\/Fundacion-Jimenez-Diaz-1024x1024.jpg 1024w, http:\/\/lsfarquitectura.com\/wp-content\/uploads\/2020\/06\/Fundacion-Jimenez-Diaz-150x150.jpg 150w, http:\/\/lsfarquitectura.com\/wp-content\/uploads\/2020\/06\/Fundacion-Jimenez-Diaz-768x768.jpg 768w\" sizes=\"(max-width: 1531px) 100vw, 1531px\" \/>\t\t\t\t<div class=\"eihe-caption\">\n\t\t\t\t\t<div class=\"eihe-title-cover\">\n\t\t\t\t\t\t\t\t\t\t\t\t<h3 class=\"eihe-title\">Fundaci\u00f3n Jim\u00e9nez D\u00edaz<\/h3>\n\t\t\t\t\t\t\t\t\t\t\t<\/div>\n\t\t\t\t\t<p>Madrid<\/p>\n\t\t\t\t<\/div>\n\t\t\t<\/div>\n\t\t\t\t\t<\/a>\n\t\t\t\t<\/div>\n\t\t\t\t<\/div>\n\t\t\t\t<div class=\"elementor-element elementor-element-8505047 elementor-widget elementor-widget-e_image_hover_effects\" data-id=\"8505047\" data-element_type=\"widget\" data-widget_type=\"e_image_hover_effects.default\">\n\t\t\t\t<div class=\"elementor-widget-container\">\n\t\t\t\t\t\t<a href=\"http:\/\/lsfarquitectura.com\/index.php\/av-cristo-interiores\/\">\n\t\t\t\t\t<div class=\"eihe-box eihe-fade-in-up eihe_center\">\n\t\t\t\t<img width=\"1531\" height=\"1531\" src=\"http:\/\/lsfarquitectura.com\/wp-content\/uploads\/2020\/06\/av-cristo-mueble.jpg\" class=\"attachment-full size-full\" alt=\"\" loading=\"lazy\" srcset=\"http:\/\/lsfarquitectura.com\/wp-content\/uploads\/2020\/06\/av-cristo-mueble.jpg 1531w, http:\/\/lsfarquitectura.com\/wp-content\/uploads\/2020\/06\/av-cristo-mueble-300x300.jpg 300w, http:\/\/lsfarquitectura.com\/wp-content\/uploads\/2020\/06\/av-cristo-mueble-1024x1024.jpg 1024w, http:\/\/lsfarquitectura.com\/wp-content\/uploads\/2020\/06\/av-cristo-mueble-150x150.jpg 150w, http:\/\/lsfarquitectura.com\/wp-content\/uploads\/2020\/06\/av-cristo-mueble-768x768.jpg 768w\" sizes=\"(max-width: 1531px) 100vw, 1531px\" \/>\t\t\t\t<div class=\"eihe-caption\">\n\t\t\t\t\t<div class=\"eihe-title-cover\">\n\t\t\t\t\t\t\t\t\t\t\t\t<h3 class=\"eihe-title\">\u00c1tico Av del Cristo<\/h3>\n\t\t\t\t\t\t\t\t\t\t\t<\/div>\n\t\t\t\t\t<p>Reforma de \u00e1tico en Oviedo<\/p>\n\t\t\t\t<\/div>\n\t\t\t<\/div>\n\t\t\t\t\t<\/a>\n\t\t\t\t<\/div>\n\t\t\t\t<\/div>\n\t\t\t\t\t\t<\/div>\n\t\t\t\t\t<\/div>\n\t\t<\/div>\n\t\t\t\t<div class=\"elementor-column elementor-col-33 elementor-top-column elementor-element elementor-element-0a2a32d\" data-id=\"0a2a32d\" data-element_type=\"column\">\n\t\t\t<div class=\"elementor-column-wrap elementor-element-populated\">\n\t\t\t\t\t\t\t<div class=\"elementor-widget-wrap\">\n\t\t\t\t\t\t<div class=\"elementor-element elementor-element-ee9d38b elementor-widget elementor-widget-spacer\" data-id=\"ee9d38b\" data-element_type=\"widget\" data-widget_type=\"spacer.default\">\n\t\t\t\t<div class=\"elementor-widget-container\">\n\t\t\t\t\t<div class=\"elementor-spacer\">\n\t\t\t<div class=\"elementor-spacer-inner\"><\/div>\n\t\t<\/div>\n\t\t\t\t<\/div>\n\t\t\t\t<\/div>\n\t\t\t\t<div class=\"elementor-element elementor-element-bfac732 elementor-widget elementor-widget-e_image_hover_effects\" data-id=\"bfac732\" data-element_type=\"widget\" data-widget_type=\"e_image_hover_effects.default\">\n\t\t\t\t<div class=\"elementor-widget-container\">\n\t\t\t\t\t\t<a href=\"http:\/\/lsfarquitectura.com\/index.php\/valdecilla\/\">\n\t\t\t\t\t<div class=\"eihe-box eihe-fade-in-up eihe_center\">\n\t\t\t\t<img width=\"1531\" height=\"1531\" src=\"http:\/\/lsfarquitectura.com\/wp-content\/uploads\/2020\/06\/Valdecilla.jpg\" class=\"attachment-full size-full\" alt=\"\" loading=\"lazy\" srcset=\"http:\/\/lsfarquitectura.com\/wp-content\/uploads\/2020\/06\/Valdecilla.jpg 1531w, http:\/\/lsfarquitectura.com\/wp-content\/uploads\/2020\/06\/Valdecilla-300x300.jpg 300w, http:\/\/lsfarquitectura.com\/wp-content\/uploads\/2020\/06\/Valdecilla-1024x1024.jpg 1024w, http:\/\/lsfarquitectura.com\/wp-content\/uploads\/2020\/06\/Valdecilla-150x150.jpg 150w, http:\/\/lsfarquitectura.com\/wp-content\/uploads\/2020\/06\/Valdecilla-768x768.jpg 768w\" sizes=\"(max-width: 1531px) 100vw, 1531px\" \/>\t\t\t\t<div class=\"eihe-caption\">\n\t\t\t\t\t<div class=\"eihe-title-cover\">\n\t\t\t\t\t\t\t\t\t\t\t\t<h3 class=\"eihe-title\">Hospital Universitario Marqu\u00e9s de Valdecilla<\/h3>\n\t\t\t\t\t\t\t\t\t\t\t<\/div>\n\t\t\t\t\t<p>Santander<\/p>\n\t\t\t\t<\/div>\n\t\t\t<\/div>\n\t\t\t\t\t<\/a>\n\t\t\t\t<\/div>\n\t\t\t\t<\/div>\n\t\t\t\t<div class=\"elementor-element elementor-element-c27cd4b elementor-widget elementor-widget-e_image_hover_effects\" data-id=\"c27cd4b\" data-element_type=\"widget\" data-widget_type=\"e_image_hover_effects.default\">\n\t\t\t\t<div class=\"elementor-widget-container\">\n\t\t\t\t\t\t<a href=\"http:\/\/lsfarquitectura.com\/index.php\/catenon-bcn\/\">\n\t\t\t\t\t<div class=\"eihe-box eihe-fade-in-up eihe_center\">\n\t\t\t\t<img width=\"1531\" height=\"1531\" src=\"http:\/\/lsfarquitectura.com\/wp-content\/uploads\/2020\/06\/Catenon-bcn.jpg\" class=\"attachment-full size-full\" alt=\"\" loading=\"lazy\" srcset=\"http:\/\/lsfarquitectura.com\/wp-content\/uploads\/2020\/06\/Catenon-bcn.jpg 1531w, http:\/\/lsfarquitectura.com\/wp-content\/uploads\/2020\/06\/Catenon-bcn-300x300.jpg 300w, http:\/\/lsfarquitectura.com\/wp-content\/uploads\/2020\/06\/Catenon-bcn-1024x1024.jpg 1024w, http:\/\/lsfarquitectura.com\/wp-content\/uploads\/2020\/06\/Catenon-bcn-150x150.jpg 150w, http:\/\/lsfarquitectura.com\/wp-content\/uploads\/2020\/06\/Catenon-bcn-768x768.jpg 768w\" sizes=\"(max-width: 1531px) 100vw, 1531px\" \/>\t\t\t\t<div class=\"eihe-caption\">\n\t\t\t\t\t<div class=\"eihe-title-cover\">\n\t\t\t\t\t\t\t\t\t\t\t\t<h3 class=\"eihe-title\">C\u00e1tenon BCN<\/h3>\n\t\t\t\t\t\t\t\t\t\t\t<\/div>\n\t\t\t\t\t<p><\/p>\n\t\t\t\t<\/div>\n\t\t\t<\/div>\n\t\t\t\t\t<\/a>\n\t\t\t\t<\/div>\n\t\t\t\t<\/div>\n\t\t\t\t<div class=\"elementor-element elementor-element-075cb6a elementor-widget elementor-widget-e_image_hover_effects\" data-id=\"075cb6a\" data-element_type=\"widget\" data-widget_type=\"e_image_hover_effects.default\">\n\t\t\t\t<div class=\"elementor-widget-container\">\n\t\t\t\t\t\t<a href=\"http:\/\/lsfarquitectura.com\/index.php\/cnmv\/\">\n\t\t\t\t\t<div class=\"eihe-box eihe-fade-in-up eihe_center\">\n\t\t\t\t<img width=\"1531\" height=\"1531\" src=\"http:\/\/lsfarquitectura.com\/wp-content\/uploads\/2020\/06\/CNMV.jpg\" class=\"attachment-full size-full\" alt=\"\" loading=\"lazy\" srcset=\"http:\/\/lsfarquitectura.com\/wp-content\/uploads\/2020\/06\/CNMV.jpg 1531w, http:\/\/lsfarquitectura.com\/wp-content\/uploads\/2020\/06\/CNMV-300x300.jpg 300w, http:\/\/lsfarquitectura.com\/wp-content\/uploads\/2020\/06\/CNMV-1024x1024.jpg 1024w, http:\/\/lsfarquitectura.com\/wp-content\/uploads\/2020\/06\/CNMV-150x150.jpg 150w, http:\/\/lsfarquitectura.com\/wp-content\/uploads\/2020\/06\/CNMV-768x768.jpg 768w\" sizes=\"(max-width: 1531px) 100vw, 1531px\" \/>\t\t\t\t<div class=\"eihe-caption\">\n\t\t\t\t\t<div class=\"eihe-title-cover\">\n\t\t\t\t\t\t\t\t\t\t\t\t<h3 class=\"eihe-title\">CNMV Madrid<\/h3>\n\t\t\t\t\t\t\t\t\t\t\t<\/div>\n\t\t\t\t\t<p>Sala del consejo<\/p>\n\t\t\t\t<\/div>\n\t\t\t<\/div>\n\t\t\t\t\t<\/a>\n\t\t\t\t<\/div>\n\t\t\t\t<\/div>\n\t\t\t\t<div class=\"elementor-element elementor-element-e122bc8 elementor-widget elementor-widget-image\" data-id=\"e122bc8\" data-element_type=\"widget\" data-widget_type=\"image.default\">\n\t\t\t\t<div class=\"elementor-widget-container\">\n\t\t\t\t\t\t\t\t<div class=\"elementor-image\">\n\t\t\t\t\t\t\t\t\t\t\t\t<img width=\"1024\" height=\"1024\" src=\"http:\/\/lsfarquitectura.com\/wp-content\/uploads\/2020\/05\/Vac\u00edo-composicion-1024x1024.jpg\" class=\"attachment-large size-large\" alt=\"\" loading=\"lazy\" srcset=\"http:\/\/lsfarquitectura.com\/wp-content\/uploads\/2020\/05\/Vac\u00edo-composicion-1024x1024.jpg 1024w, http:\/\/lsfarquitectura.com\/wp-content\/uploads\/2020\/05\/Vac\u00edo-composicion-300x300.jpg 300w, http:\/\/lsfarquitectura.com\/wp-content\/uploads\/2020\/05\/Vac\u00edo-composicion-150x150.jpg 150w, http:\/\/lsfarquitectura.com\/wp-content\/uploads\/2020\/05\/Vac\u00edo-composicion-768x768.jpg 768w, http:\/\/lsfarquitectura.com\/wp-content\/uploads\/2020\/05\/Vac\u00edo-composicion.jpg 1531w\" sizes=\"(max-width: 1024px) 100vw, 1024px\" \/>\t\t\t\t\t\t\t\t\t\t\t\t\t\t<\/div>\n\t\t\t\t\t\t<\/div>\n\t\t\t\t<\/div>\n\t\t\t\t\t\t<\/div>\n\t\t\t\t\t<\/div>\n\t\t<\/div>\n\t\t\t\t\t\t\t\t<\/div>\n\t\t\t\t\t<\/div>\n\t\t<\/section>\n\t\t\t\t<section class=\"elementor-section elementor-top-section elementor-element elementor-element-899450f elementor-section-boxed elementor-section-height-default elementor-section-height-default\" data-id=\"899450f\" data-element_type=\"section\">\n\t\t\t\t\t\t<div class=\"elementor-container elementor-column-gap-default\">\n\t\t\t\t\t\t\t<div class=\"elementor-row\">\n\t\t\t\t\t<div class=\"elementor-column elementor-col-100 elementor-top-column elementor-element elementor-element-45277ee\" data-id=\"45277ee\" data-element_type=\"column\">\n\t\t\t<div class=\"elementor-column-wrap elementor-element-populated\">\n\t\t\t\t\t\t\t<div class=\"elementor-widget-wrap\">\n\t\t\t\t\t\t<div class=\"elementor-element elementor-element-5757a33 elementor-widget elementor-widget-spacer\" data-id=\"5757a33\" data-element_type=\"widget\" data-widget_type=\"spacer.default\">\n\t\t\t\t<div class=\"elementor-widget-container\">\n\t\t\t\t\t<div class=\"elementor-spacer\">\n\t\t\t<div class=\"elementor-spacer-inner\"><\/div>\n\t\t<\/div>\n\t\t\t\t<\/div>\n\t\t\t\t<\/div>\n\t\t\t\t\t\t<\/div>\n\t\t\t\t\t<\/div>\n\t\t<\/div>\n\t\t\t\t\t\t\t\t<\/div>\n\t\t\t\t\t<\/div>\n\t\t<\/section>\n\t\t\t\t\t\t<\/div>\n\t\t\t\t\t\t<\/div>\n\t\t\t\t\t<\/div>\n\t\t","protected":false},"excerpt":{"rendered":"<p>Oficinas Sespa Edificio Insalud Oviedo ABB Madrid Sede central Rosenbauer Metz Oficinas Madrid CNMV Madrid Serrano Librer\u00eda Universitaria Oviedo C\u00e1tenon Madrid Sede central Fundaci\u00f3n Jim\u00e9nez D\u00edaz Madrid \u00c1tico Av del Cristo Reforma de \u00e1tico en Oviedo Hospital Universitario Marqu\u00e9s de Valdecilla Santander C\u00e1tenon BCN CNMV Madrid Sala del consejo<\/p>\n","protected":false},"author":1,"featured_media":0,"parent":0,"menu_order":0,"comment_status":"closed","ping_status":"closed","template":"","meta":[],"_links":{"self":[{"href":"http:\/\/lsfarquitectura.com\/index.php\/wp-json\/wp\/v2\/pages\/703"}],"collection":[{"href":"http:\/\/lsfarquitectura.com\/index.php\/wp-json\/wp\/v2\/pages"}],"about":[{"href":"http:\/\/lsfarquitectura.com\/index.php\/wp-json\/wp\/v2\/types\/page"}],"author":[{"embeddable":true,"href":"http:\/\/lsfarquitectura.com\/index.php\/wp-json\/wp\/v2\/users\/1"}],"replies":[{"embeddable":true,"href":"http:\/\/lsfarquitectura.com\/index.php\/wp-json\/wp\/v2\/comments?post=703"}],"version-history":[{"count":63,"href":"http:\/\/lsfarquitectura.com\/index.php\/wp-json\/wp\/v2\/pages\/703\/revisions"}],"predecessor-version":[{"id":1546,"href":"http:\/\/lsfarquitectura.com\/index.php\/wp-json\/wp\/v2\/pages\/703\/revisions\/1546"}],"wp:attachment":[{"href":"http:\/\/lsfarquitectura.com\/index.php\/wp-json\/wp\/v2\/media?parent=703"}],"curies":[{"name":"wp","href":"https:\/\/api.w.org\/{rel}","templated":true}]}}